{"id":3494,"date":"2024-09-04T17:00:28","date_gmt":"2024-09-04T20:00:28","guid":{"rendered":"https:\/\/ateliedecriacaofiosenos.com.br\/?post_type=product&#038;p=3494"},"modified":"2026-04-30T17:32:10","modified_gmt":"2026-04-30T20:32:10","slug":"colar-de-mesa-marrom-e-cru","status":"publish","type":"product","link":"https:\/\/ateliedecriacaofiosenos.com.br\/?product=colar-de-mesa-marrom-e-cru","title":{"rendered":"Colar de Mesa &#8211; Marrom e Cru"},"content":{"rendered":"<p><span style=\"font-weight: 400;\"><strong>Materiais:<\/strong> cord\u00f5es 100% de algod\u00e3o, bolotas de madeira ip\u00ea e ponteira de madeira pequi (coletadas e tratadas com \u00f3leo mineral); detalhes e acabamentos feitos com fios 100% de algod\u00e3o<\/span><\/p>\n<p><span style=\"font-weight: 400;\"><strong>Tamanho:<\/strong> 146 cm (C)x 8 cm (L)<\/span><\/p>\n<p><span style=\"font-weight: 400;\"><strong>Cor:<\/strong> cord\u00f5es de algod\u00e3o na cor cru e marrom; pe\u00e7as de madeira tratada, na cor natural. Detalhes e acabamentos nas cores marrom e terracota.<\/span><\/p>\n<p><span style=\"font-weight: 400;\"><strong>Obs.:<\/strong> Pequenas varia\u00e7\u00f5es podem ocorrer, as quais s\u00e3o caracter\u00edsticas do processo de produ\u00e7\u00e3o artesanal<\/span><span style=\"font-weight: 400;\">. <\/span><span style=\"font-weight: 400;\">\u00a0<\/span><\/p>\n<p><span style=\"font-weight: 400;\">As imagens s\u00e3o manipuladas de forma a representar maior fidelidade \u00e0s cores.\u00a0<\/span><\/p>\n<p><span style=\"font-weight: 400;\">Para maiores informa\u00e7\u00f5es, preencha o seguinte <strong>Formul\u00e1rio de Contato<\/strong>. Responderemos sua mensagem o mais breve poss\u00edvel<\/span><\/p>\n<div class=\"wpforms-container \" id=\"wpforms-1949\"><form id=\"wpforms-form-1949\" class=\"wpforms-validate wpforms-form\" data-formid=\"1949\" method=\"post\" enctype=\"multipart\/form-data\" action=\"\/index.php?rest_route=%2Fwp%2Fv2%2Fproduct%2F3494\" data-token=\"3e92b4604df1cf46ec9e44fb339d4242\" data-token-time=\"1777581591\"><noscript class=\"wpforms-error-noscript\">Ative o JavaScript no seu navegador para preencher este formul\u00e1rio.<\/noscript><div class=\"wpforms-field-container\"><div id=\"wpforms-1949-field_0-container\" class=\"wpforms-field wpforms-field-name\" data-field-id=\"0\"><label class=\"wpforms-field-label\" for=\"wpforms-1949-field_0\">Nome <span class=\"wpforms-required-label\">*<\/span><\/label><input type=\"text\" id=\"wpforms-1949-field_0\" class=\"wpforms-field-large wpforms-field-required\" name=\"wpforms[fields][0]\" required><\/div><div id=\"wpforms-1949-field_1-container\" class=\"wpforms-field wpforms-field-email\" data-field-id=\"1\"><label class=\"wpforms-field-label\" for=\"wpforms-1949-field_1\">Email <span class=\"wpforms-required-label\">*<\/span><\/label><input type=\"email\" id=\"wpforms-1949-field_1\" class=\"wpforms-field-large wpforms-field-required\" name=\"wpforms[fields][1]\" spellcheck=\"false\" required><\/div><div id=\"wpforms-1949-field_2-container\" class=\"wpforms-field wpforms-field-textarea\" data-field-id=\"2\"><label class=\"wpforms-field-label\" for=\"wpforms-1949-field_2\">Coment\u00e1rio ou Messagem <span class=\"wpforms-required-label\">*<\/span><\/label><textarea id=\"wpforms-1949-field_2\" class=\"wpforms-field-medium wpforms-field-required\" name=\"wpforms[fields][2]\" required><\/textarea><\/div><\/div><!-- .wpforms-field-container --><div class=\"wpforms-submit-container\" ><input type=\"hidden\" name=\"wpforms[id]\" value=\"1949\"><input type=\"hidden\" name=\"page_title\" value=\"\"><input type=\"hidden\" name=\"page_url\" value=\"https:\/\/ateliedecriacaofiosenos.com.br\/index.php?rest_route=\/wp\/v2\/product\/3494\"><input type=\"hidden\" name=\"url_referer\" value=\"\"><button type=\"submit\" name=\"wpforms[submit]\" id=\"wpforms-submit-1949\" class=\"wpforms-submit\" data-alt-text=\"Sending...\" data-submit-text=\"Enviar\" aria-live=\"assertive\" value=\"wpforms-submit\">Enviar<\/button><\/div><\/form><\/div>  <!-- .wpforms-container -->\n","protected":false},"excerpt":{"rendered":"<p><span style=\"font-weight: 400;\">Pe\u00e7a decorativa feita artesanalmente em macram\u00ea com cordas de duas cores, bolotas e ponteira de madeira, e pequenos detalhes com fios de algod\u00e3o. Pode ser pendurada na parede ou sobreposta em uma mesa.<\/span><\/p>\n","protected":false},"featured_media":3495,"template":"","meta":{"om_disable_all_campaigns":false,"_uag_custom_page_level_css":"","_monsterinsights_skip_tracking":false,"_monsterinsights_sitenote_active":false,"_monsterinsights_sitenote_note":"","_monsterinsights_sitenote_category":0,"site-sidebar-layout":"default","site-content-layout":"","ast-site-content-layout":"default","site-content-style":"default","site-sidebar-style":"default","ast-global-header-display":"","ast-banner-title-visibility":"","ast-main-header-display":"","ast-hfb-above-header-display":"","ast-hfb-below-header-display":"","ast-hfb-mobile-header-display":"","site-post-title":"","ast-breadcrumbs-content":"","ast-featured-img":"","footer-sml-layout":"","ast-disable-related-posts":"","theme-transparent-header-meta":"default","adv-header-id-meta":"","stick-header-meta":"","header-above-stick-meta":"","header-main-stick-meta":"","header-below-stick-meta":"","astra-migrate-meta-layouts":"set","ast-page-background-enabled":"default","ast-page-background-meta":{"desktop":{"background-color":"var(--ast-global-color-4)","background-image":"","background-repeat":"repeat","background-position":"center center","background-size":"auto","background-attachment":"scroll","background-type":"","background-media":"","overlay-type":"","overlay-color":"","overlay-opacity":"","overlay-gradient":""},"tablet":{"background-color":"","background-image":"","background-repeat":"repeat","background-position":"center center","background-size":"auto","background-attachment":"scroll","background-type":"","background-media":"","overlay-type":"","overlay-color":"","overlay-opacity":"","overlay-gradient":""},"mobile":{"background-color":"","background-image":"","background-repeat":"repeat","background-position":"center center","background-size":"auto","background-attachment":"scroll","background-type":"","background-media":"","overlay-type":"","overlay-color":"","overlay-opacity":"","overlay-gradient":""}},"ast-content-background-meta":{"desktop":{"background-color":"var(--ast-global-color-5)","background-image":"","background-repeat":"repeat","background-position":"center center","background-size":"auto","background-attachment":"scroll","background-type":"","background-media":"","overlay-type":"","overlay-color":"","overlay-opacity":"","overlay-gradient":""},"tablet":{"background-color":"var(--ast-global-color-5)","background-image":"","background-repeat":"repeat","background-position":"center center","background-size":"auto","background-attachment":"scroll","background-type":"","background-media":"","overlay-type":"","overlay-color":"","overlay-opacity":"","overlay-gradient":""},"mobile":{"background-color":"var(--ast-global-color-5)","background-image":"","background-repeat":"repeat","background-position":"center center","background-size":"auto","background-attachment":"scroll","background-type":"","background-media":"","overlay-type":"","overlay-color":"","overlay-opacity":"","overlay-gradient":""}}},"product_brand":[],"product_cat":[26],"product_tag":[],"class_list":{"0":"post-3494","1":"product","2":"type-product","3":"status-publish","4":"has-post-thumbnail","6":"product_cat-acessorios-de-casa","7":"desktop-align-left","8":"tablet-align-left","9":"mobile-align-left","11":"first","12":"instock","13":"shipping-taxable","14":"purchasable","15":"product-type-simple"},"aioseo_notices":[],"uagb_featured_image_src":{"full":["https:\/\/ateliedecriacaofiosenos.com.br\/wp-content\/uploads\/2024\/09\/colar-de-mesa-madeira-e-cordas-algodao.jpg",1080,1080,false],"thumbnail":["https:\/\/ateliedecriacaofiosenos.com.br\/wp-content\/uploads\/2024\/09\/colar-de-mesa-madeira-e-cordas-algodao-150x150.jpg",150,150,true],"medium":["https:\/\/ateliedecriacaofiosenos.com.br\/wp-content\/uploads\/2024\/09\/colar-de-mesa-madeira-e-cordas-algodao-300x300.jpg",300,300,true],"medium_large":["https:\/\/ateliedecriacaofiosenos.com.br\/wp-content\/uploads\/2024\/09\/colar-de-mesa-madeira-e-cordas-algodao-768x768.jpg",768,768,true],"large":["https:\/\/ateliedecriacaofiosenos.com.br\/wp-content\/uploads\/2024\/09\/colar-de-mesa-madeira-e-cordas-algodao-1024x1024.jpg",1024,1024,true],"1536x1536":["https:\/\/ateliedecriacaofiosenos.com.br\/wp-content\/uploads\/2024\/09\/colar-de-mesa-madeira-e-cordas-algodao.jpg",1080,1080,false],"2048x2048":["https:\/\/ateliedecriacaofiosenos.com.br\/wp-content\/uploads\/2024\/09\/colar-de-mesa-madeira-e-cordas-algodao.jpg",1080,1080,false],"mailpoet_newsletter_max":["https:\/\/ateliedecriacaofiosenos.com.br\/wp-content\/uploads\/2024\/09\/colar-de-mesa-madeira-e-cordas-algodao.jpg",1080,1080,false],"woocommerce_thumbnail":["https:\/\/ateliedecriacaofiosenos.com.br\/wp-content\/uploads\/2024\/09\/colar-de-mesa-madeira-e-cordas-algodao-300x300.jpg",300,300,true],"woocommerce_single":["https:\/\/ateliedecriacaofiosenos.com.br\/wp-content\/uploads\/2024\/09\/colar-de-mesa-madeira-e-cordas-algodao-600x600.jpg",600,600,true],"woocommerce_gallery_thumbnail":["https:\/\/ateliedecriacaofiosenos.com.br\/wp-content\/uploads\/2024\/09\/colar-de-mesa-madeira-e-cordas-algodao-100x100.jpg",100,100,true]},"uagb_author_info":{"display_name":"criacaofiosenos@gmail.com","author_link":"https:\/\/ateliedecriacaofiosenos.com.br\/?author=0"},"uagb_comment_info":0,"uagb_excerpt":"Pe\u00e7a decorativa feita artesanalmente em macram\u00ea com cordas de duas cores, bolotas e ponteira de madeira, e pequenos detalhes com fios de algod\u00e3o. Pode ser pendurada na parede ou sobreposta em uma mesa.","jetpack_sharing_enabled":true,"_links":{"self":[{"href":"https:\/\/ateliedecriacaofiosenos.com.br\/index.php?rest_route=\/wp\/v2\/product\/3494","targetHints":{"allow":["GET"]}}],"collection":[{"href":"https:\/\/ateliedecriacaofiosenos.com.br\/index.php?rest_route=\/wp\/v2\/product"}],"about":[{"href":"https:\/\/ateliedecriacaofiosenos.com.br\/index.php?rest_route=\/wp\/v2\/types\/product"}],"wp:featuredmedia":[{"embeddable":true,"href":"https:\/\/ateliedecriacaofiosenos.com.br\/index.php?rest_route=\/wp\/v2\/media\/3495"}],"wp:attachment":[{"href":"https:\/\/ateliedecriacaofiosenos.com.br\/index.php?rest_route=%2Fwp%2Fv2%2Fmedia&parent=3494"}],"wp:term":[{"taxonomy":"product_brand","embeddable":true,"href":"https:\/\/ateliedecriacaofiosenos.com.br\/index.php?rest_route=%2Fwp%2Fv2%2Fproduct_brand&post=3494"},{"taxonomy":"product_cat","embeddable":true,"href":"https:\/\/ateliedecriacaofiosenos.com.br\/index.php?rest_route=%2Fwp%2Fv2%2Fproduct_cat&post=3494"},{"taxonomy":"product_tag","embeddable":true,"href":"https:\/\/ateliedecriacaofiosenos.com.br\/index.php?rest_route=%2Fwp%2Fv2%2Fproduct_tag&post=3494"}],"curies":[{"name":"wp","href":"https:\/\/api.w.org\/{rel}","templated":true}]}}