{"id":2504,"date":"2023-06-22T15:17:05","date_gmt":"2023-06-22T18:17:05","guid":{"rendered":"https:\/\/ateliedecriacaofiosenos.com.br\/?post_type=product&#038;p=2504"},"modified":"2024-12-10T20:32:00","modified_gmt":"2024-12-10T23:32:00","slug":"painel-de-parede-aquamarine","status":"publish","type":"product","link":"https:\/\/ateliedecriacaofiosenos.com.br\/?product=painel-de-parede-aquamarine","title":{"rendered":"Painel de Parede Aquamarine"},"content":{"rendered":"<p><strong>Dimens\u00f5es:<\/strong><\/p>\n<p><span style=\"font-weight: 400;\">Tamanho: 40 (L) x 80 (A)cm\u00a0<\/span><\/p>\n<p><span style=\"font-weight: 400;\">Haste: dimens\u00e3o D = 45 cm\u00a0<\/span><\/p>\n<p><span style=\"font-weight: 400;\"><strong>Material:<\/strong> Haste de madeira,\u00a0<\/span><span style=\"font-weight: 400;\">barbante de algod\u00e3o reciclado no corpo, <\/span><span style=\"font-weight: 400;\">fio 100% de algod\u00e3o e <\/span><span style=\"font-weight: 400;\">fio de malha ecol\u00f3gico nos detalhes<\/span><\/p>\n<p><span style=\"font-weight: 400;\">Pequenas varia\u00e7\u00f5es podem ocorrer, as quais s\u00e3o caracter\u00edsticas do processo de produ\u00e7\u00e3o\u00a0 artesanal.\u00a0<\/span><\/p>\n<p><span style=\"font-weight: 400;\"><strong>Cor:<\/strong> barbante de algod\u00e3o na cor aquamarine, fio de algod\u00e3o na cor duna e fio de malha na cor\u00a0 chocolate.\u00a0<\/span><\/p>\n<p><span style=\"font-weight: 400;\">As imagens s\u00e3o manipuladas de forma a representar maior fidelidade \u00e0s cores.\u00a0<\/span><\/p>\n<p>&nbsp;<\/p>\n","protected":false},"excerpt":{"rendered":"<p><span style=\"font-weight: 400;\">Painel de Parede em Macram\u00ea de tamanho m\u00e9dio, feito com barbante ecol\u00f3gico de algod\u00e3o, e os detalhes, em fio de malha e algod\u00e3o.\u00a0\u00a0<\/span><\/p>\n","protected":false},"featured_media":2507,"template":"","meta":{"om_disable_all_campaigns":false,"_uag_custom_page_level_css":"","_monsterinsights_skip_tracking":false,"_monsterinsights_sitenote_active":false,"_monsterinsights_sitenote_note":"","_monsterinsights_sitenote_category":0,"site-sidebar-layout":"default","site-content-layout":"default","ast-site-content-layout":"default","site-content-style":"default","site-sidebar-style":"default","ast-global-header-display":"","ast-banner-title-visibility":"","ast-main-header-display":"","ast-hfb-above-header-display":"","ast-hfb-below-header-display":"","ast-hfb-mobile-header-display":"","site-post-title":"","ast-breadcrumbs-content":"","ast-featured-img":"","footer-sml-layout":"","ast-disable-related-posts":"","theme-transparent-header-meta":"default","adv-header-id-meta":"","stick-header-meta":"","header-above-stick-meta":"","header-main-stick-meta":"","header-below-stick-meta":"","astra-migrate-meta-layouts":"set","ast-page-background-enabled":"default","ast-page-background-meta":{"desktop":{"background-color":"var(--ast-global-color-4)","background-image":"","background-repeat":"repeat","background-position":"center center","background-size":"auto","background-attachment":"scroll","background-type":"","background-media":"","overlay-type":"","overlay-color":"","overlay-opacity":"","overlay-gradient":""},"tablet":{"background-color":"","background-image":"","background-repeat":"repeat","background-position":"center center","background-size":"auto","background-attachment":"scroll","background-type":"","background-media":"","overlay-type":"","overlay-color":"","overlay-opacity":"","overlay-gradient":""},"mobile":{"background-color":"","background-image":"","background-repeat":"repeat","background-position":"center center","background-size":"auto","background-attachment":"scroll","background-type":"","background-media":"","overlay-type":"","overlay-color":"","overlay-opacity":"","overlay-gradient":""}},"ast-content-background-meta":{"desktop":{"background-color":"var(--ast-global-color-5)","background-image":"","background-repeat":"repeat","background-position":"center center","background-size":"auto","background-attachment":"scroll","background-type":"","background-media":"","overlay-type":"","overlay-color":"","overlay-opacity":"","overlay-gradient":""},"tablet":{"background-color":"var(--ast-global-color-5)","background-image":"","background-repeat":"repeat","background-position":"center center","background-size":"auto","background-attachment":"scroll","background-type":"","background-media":"","overlay-type":"","overlay-color":"","overlay-opacity":"","overlay-gradient":""},"mobile":{"background-color":"var(--ast-global-color-5)","background-image":"","background-repeat":"repeat","background-position":"center center","background-size":"auto","background-attachment":"scroll","background-type":"","background-media":"","overlay-type":"","overlay-color":"","overlay-opacity":"","overlay-gradient":""}}},"product_brand":[],"product_cat":[29],"product_tag":[],"class_list":{"0":"post-2504","1":"product","2":"type-product","3":"status-publish","4":"has-post-thumbnail","6":"product_cat-painel-de-parede","7":"desktop-align-left","8":"tablet-align-left","9":"mobile-align-left","11":"first","12":"instock","13":"shipping-taxable","14":"purchasable","15":"product-type-simple"},"aioseo_notices":[],"uagb_featured_image_src":{"full":["https:\/\/ateliedecriacaofiosenos.com.br\/wp-content\/uploads\/2023\/06\/19.jpg",1080,1080,false],"thumbnail":["https:\/\/ateliedecriacaofiosenos.com.br\/wp-content\/uploads\/2023\/06\/19-150x150.jpg",150,150,true],"medium":["https:\/\/ateliedecriacaofiosenos.com.br\/wp-content\/uploads\/2023\/06\/19-300x300.jpg",300,300,true],"medium_large":["https:\/\/ateliedecriacaofiosenos.com.br\/wp-content\/uploads\/2023\/06\/19-768x768.jpg",768,768,true],"large":["https:\/\/ateliedecriacaofiosenos.com.br\/wp-content\/uploads\/2023\/06\/19-1024x1024.jpg",1024,1024,true],"1536x1536":["https:\/\/ateliedecriacaofiosenos.com.br\/wp-content\/uploads\/2023\/06\/19.jpg",1080,1080,false],"2048x2048":["https:\/\/ateliedecriacaofiosenos.com.br\/wp-content\/uploads\/2023\/06\/19.jpg",1080,1080,false],"mailpoet_newsletter_max":["https:\/\/ateliedecriacaofiosenos.com.br\/wp-content\/uploads\/2023\/06\/19.jpg",1080,1080,false],"woocommerce_thumbnail":["https:\/\/ateliedecriacaofiosenos.com.br\/wp-content\/uploads\/2023\/06\/19-300x300.jpg",300,300,true],"woocommerce_single":["https:\/\/ateliedecriacaofiosenos.com.br\/wp-content\/uploads\/2023\/06\/19-600x600.jpg",600,600,true],"woocommerce_gallery_thumbnail":["https:\/\/ateliedecriacaofiosenos.com.br\/wp-content\/uploads\/2023\/06\/19-100x100.jpg",100,100,true]},"uagb_author_info":{"display_name":"criacaofiosenos@gmail.com","author_link":"https:\/\/ateliedecriacaofiosenos.com.br\/?author=0"},"uagb_comment_info":0,"uagb_excerpt":"Painel de Parede em Macram\u00ea de tamanho m\u00e9dio, feito com barbante ecol\u00f3gico de algod\u00e3o, e os detalhes, em fio de malha e algod\u00e3o.\u00a0\u00a0","jetpack_sharing_enabled":true,"_links":{"self":[{"href":"https:\/\/ateliedecriacaofiosenos.com.br\/index.php?rest_route=\/wp\/v2\/product\/2504","targetHints":{"allow":["GET"]}}],"collection":[{"href":"https:\/\/ateliedecriacaofiosenos.com.br\/index.php?rest_route=\/wp\/v2\/product"}],"about":[{"href":"https:\/\/ateliedecriacaofiosenos.com.br\/index.php?rest_route=\/wp\/v2\/types\/product"}],"wp:featuredmedia":[{"embeddable":true,"href":"https:\/\/ateliedecriacaofiosenos.com.br\/index.php?rest_route=\/wp\/v2\/media\/2507"}],"wp:attachment":[{"href":"https:\/\/ateliedecriacaofiosenos.com.br\/index.php?rest_route=%2Fwp%2Fv2%2Fmedia&parent=2504"}],"wp:term":[{"taxonomy":"product_brand","embeddable":true,"href":"https:\/\/ateliedecriacaofiosenos.com.br\/index.php?rest_route=%2Fwp%2Fv2%2Fproduct_brand&post=2504"},{"taxonomy":"product_cat","embeddable":true,"href":"https:\/\/ateliedecriacaofiosenos.com.br\/index.php?rest_route=%2Fwp%2Fv2%2Fproduct_cat&post=2504"},{"taxonomy":"product_tag","embeddable":true,"href":"https:\/\/ateliedecriacaofiosenos.com.br\/index.php?rest_route=%2Fwp%2Fv2%2Fproduct_tag&post=2504"}],"curies":[{"name":"wp","href":"https:\/\/api.w.org\/{rel}","templated":true}]}}