{"id":2502,"date":"2023-06-22T17:02:35","date_gmt":"2023-06-22T20:02:35","guid":{"rendered":"https:\/\/ateliedecriacaofiosenos.com.br\/?post_type=product&#038;p=2502"},"modified":"2024-12-09T00:29:14","modified_gmt":"2024-12-09T03:29:14","slug":"painel-de-parede-cor-marrom","status":"publish","type":"product","link":"https:\/\/ateliedecriacaofiosenos.com.br\/?product=painel-de-parede-cor-marrom","title":{"rendered":"Painel de Parede cor Marrom"},"content":{"rendered":"<p><strong>Dimens\u00f5es:<\/strong><\/p>\n<p><span style=\"font-weight: 400;\">Tamanho: 25 (L) x 63 (A)cm\u00a0<\/span><\/p>\n<p><span style=\"font-weight: 400;\">Haste dimens\u00e3o =35 cm\u00a0<\/span><\/p>\n<p><strong>Material:\u00a0<\/strong><span style=\"font-weight: 400;\">Haste de bambu;<\/span><span style=\"font-weight: 400;\">fios de juta e algod\u00e3o; <\/span><span style=\"font-weight: 400;\">Fio de malha ecol\u00f3gico\u00a0<\/span><\/p>\n<p><span style=\"font-weight: 400;\">Pequenas varia\u00e7\u00f5es podem ocorrer, as quais s\u00e3o caracter\u00edsticas do processo de produ\u00e7\u00e3o\u00a0 artesanal.\u00a0<\/span><\/p>\n<p><span style=\"font-weight: 400;\"><strong>Cor:<\/strong> ecojuta na cor marrom escuro e fio de malha na cor chocolate.\u00a0<\/span><\/p>\n<p><span style=\"font-weight: 400;\">As imagens s\u00e3o manipuladas de forma a representar maior fidelidade \u00e0s cores. <\/span><\/p>\n<p>&nbsp;<\/p>\n","protected":false},"excerpt":{"rendered":"<p><span style=\"font-weight: 400;\">Painel de macram\u00ea feito com fios de juta e algod\u00e3o e detalhes em fio de malha ecol\u00f3gico.\u00a0 Perfeito para todo tipo de ambiente. Tamanho m\u00e9dio.<\/span><\/p>\n","protected":false},"featured_media":2506,"template":"","meta":{"om_disable_all_campaigns":false,"_uag_custom_page_level_css":"","_monsterinsights_skip_tracking":false,"_monsterinsights_sitenote_active":false,"_monsterinsights_sitenote_note":"","_monsterinsights_sitenote_category":0,"site-sidebar-layout":"default","site-content-layout":"default","ast-site-content-layout":"default","site-content-style":"default","site-sidebar-style":"default","ast-global-header-display":"","ast-banner-title-visibility":"","ast-main-header-display":"","ast-hfb-above-header-display":"","ast-hfb-below-header-display":"","ast-hfb-mobile-header-display":"","site-post-title":"","ast-breadcrumbs-content":"","ast-featured-img":"","footer-sml-layout":"","ast-disable-related-posts":"","theme-transparent-header-meta":"default","adv-header-id-meta":"","stick-header-meta":"","header-above-stick-meta":"","header-main-stick-meta":"","header-below-stick-meta":"","astra-migrate-meta-layouts":"set","ast-page-background-enabled":"default","ast-page-background-meta":{"desktop":{"background-color":"var(--ast-global-color-4)","background-image":"","background-repeat":"repeat","background-position":"center center","background-size":"auto","background-attachment":"scroll","background-type":"","background-media":"","overlay-type":"","overlay-color":"","overlay-opacity":"","overlay-gradient":""},"tablet":{"background-color":"","background-image":"","background-repeat":"repeat","background-position":"center center","background-size":"auto","background-attachment":"scroll","background-type":"","background-media":"","overlay-type":"","overlay-color":"","overlay-opacity":"","overlay-gradient":""},"mobile":{"background-color":"","background-image":"","background-repeat":"repeat","background-position":"center center","background-size":"auto","background-attachment":"scroll","background-type":"","background-media":"","overlay-type":"","overlay-color":"","overlay-opacity":"","overlay-gradient":""}},"ast-content-background-meta":{"desktop":{"background-color":"var(--ast-global-color-5)","background-image":"","background-repeat":"repeat","background-position":"center center","background-size":"auto","background-attachment":"scroll","background-type":"","background-media":"","overlay-type":"","overlay-color":"","overlay-opacity":"","overlay-gradient":""},"tablet":{"background-color":"var(--ast-global-color-5)","background-image":"","background-repeat":"repeat","background-position":"center center","background-size":"auto","background-attachment":"scroll","background-type":"","background-media":"","overlay-type":"","overlay-color":"","overlay-opacity":"","overlay-gradient":""},"mobile":{"background-color":"var(--ast-global-color-5)","background-image":"","background-repeat":"repeat","background-position":"center center","background-size":"auto","background-attachment":"scroll","background-type":"","background-media":"","overlay-type":"","overlay-color":"","overlay-opacity":"","overlay-gradient":""}}},"product_brand":[],"product_cat":[29],"product_tag":[],"class_list":{"0":"post-2502","1":"product","2":"type-product","3":"status-publish","4":"has-post-thumbnail","6":"product_cat-painel-de-parede","7":"desktop-align-left","8":"tablet-align-left","9":"mobile-align-left","11":"first","12":"instock","13":"shipping-taxable","14":"purchasable","15":"product-type-simple"},"aioseo_notices":[],"uagb_featured_image_src":{"full":["https:\/\/ateliedecriacaofiosenos.com.br\/wp-content\/uploads\/2023\/06\/16.jpg",1080,1080,false],"thumbnail":["https:\/\/ateliedecriacaofiosenos.com.br\/wp-content\/uploads\/2023\/06\/16-150x150.jpg",150,150,true],"medium":["https:\/\/ateliedecriacaofiosenos.com.br\/wp-content\/uploads\/2023\/06\/16-300x300.jpg",300,300,true],"medium_large":["https:\/\/ateliedecriacaofiosenos.com.br\/wp-content\/uploads\/2023\/06\/16-768x768.jpg",768,768,true],"large":["https:\/\/ateliedecriacaofiosenos.com.br\/wp-content\/uploads\/2023\/06\/16-1024x1024.jpg",1024,1024,true],"1536x1536":["https:\/\/ateliedecriacaofiosenos.com.br\/wp-content\/uploads\/2023\/06\/16.jpg",1080,1080,false],"2048x2048":["https:\/\/ateliedecriacaofiosenos.com.br\/wp-content\/uploads\/2023\/06\/16.jpg",1080,1080,false],"mailpoet_newsletter_max":["https:\/\/ateliedecriacaofiosenos.com.br\/wp-content\/uploads\/2023\/06\/16.jpg",1080,1080,false],"woocommerce_thumbnail":["https:\/\/ateliedecriacaofiosenos.com.br\/wp-content\/uploads\/2023\/06\/16-300x300.jpg",300,300,true],"woocommerce_single":["https:\/\/ateliedecriacaofiosenos.com.br\/wp-content\/uploads\/2023\/06\/16-600x600.jpg",600,600,true],"woocommerce_gallery_thumbnail":["https:\/\/ateliedecriacaofiosenos.com.br\/wp-content\/uploads\/2023\/06\/16-100x100.jpg",100,100,true]},"uagb_author_info":{"display_name":"criacaofiosenos@gmail.com","author_link":"https:\/\/ateliedecriacaofiosenos.com.br\/?author=0"},"uagb_comment_info":0,"uagb_excerpt":"Painel de macram\u00ea feito com fios de juta e algod\u00e3o e detalhes em fio de malha ecol\u00f3gico.\u00a0 Perfeito para todo tipo de ambiente. Tamanho m\u00e9dio.","jetpack_sharing_enabled":true,"_links":{"self":[{"href":"https:\/\/ateliedecriacaofiosenos.com.br\/index.php?rest_route=\/wp\/v2\/product\/2502","targetHints":{"allow":["GET"]}}],"collection":[{"href":"https:\/\/ateliedecriacaofiosenos.com.br\/index.php?rest_route=\/wp\/v2\/product"}],"about":[{"href":"https:\/\/ateliedecriacaofiosenos.com.br\/index.php?rest_route=\/wp\/v2\/types\/product"}],"wp:featuredmedia":[{"embeddable":true,"href":"https:\/\/ateliedecriacaofiosenos.com.br\/index.php?rest_route=\/wp\/v2\/media\/2506"}],"wp:attachment":[{"href":"https:\/\/ateliedecriacaofiosenos.com.br\/index.php?rest_route=%2Fwp%2Fv2%2Fmedia&parent=2502"}],"wp:term":[{"taxonomy":"product_brand","embeddable":true,"href":"https:\/\/ateliedecriacaofiosenos.com.br\/index.php?rest_route=%2Fwp%2Fv2%2Fproduct_brand&post=2502"},{"taxonomy":"product_cat","embeddable":true,"href":"https:\/\/ateliedecriacaofiosenos.com.br\/index.php?rest_route=%2Fwp%2Fv2%2Fproduct_cat&post=2502"},{"taxonomy":"product_tag","embeddable":true,"href":"https:\/\/ateliedecriacaofiosenos.com.br\/index.php?rest_route=%2Fwp%2Fv2%2Fproduct_tag&post=2502"}],"curies":[{"name":"wp","href":"https:\/\/api.w.org\/{rel}","templated":true}]}}