{"id":1998,"date":"2022-09-22T13:33:33","date_gmt":"2022-09-22T16:33:33","guid":{"rendered":"https:\/\/ateliedecriacaofiosenos.com.br\/?post_type=product&#038;p=1998"},"modified":"2026-04-29T17:31:12","modified_gmt":"2026-04-29T20:31:12","slug":"bolsa-tiracolo-cor-chumbo-em-macrame","status":"publish","type":"product","link":"https:\/\/ateliedecriacaofiosenos.com.br\/?product=bolsa-tiracolo-cor-chumbo-em-macrame","title":{"rendered":"Bolsa Tiracolo Cor Chumbo em Macram\u00ea"},"content":{"rendered":"<p><span style=\"font-weight: 400;\"><strong>Especifica\u00e7\u00f5es:<\/strong> foi utilizado barbante ecol\u00f3gico de algod\u00e3o na cor chumbo. Possui forro de\u00a0 algod\u00e3o e al\u00e7a tecida em macram\u00ea.\u00a0<\/span><\/p>\n<p><span style=\"font-weight: 400;\"><strong>Dimens\u00f5es:<\/strong> <\/span><\/p>\n<p><span style=\"font-weight: 400;\">corpo = 30 cm (altura)x 30cm (largura)\u00a0<\/span><\/p>\n<p><span style=\"font-weight: 400;\">Al\u00e7a de macram\u00ea com comprimento = 100 cm\u00a0<\/span><\/p>\n<p><span style=\"font-weight: 400;\">Altura total (corpo e al\u00e7a) = 80cm\u00a0<\/span><\/p>\n","protected":false},"excerpt":{"rendered":"<p><span style=\"font-weight: 400;\">Produto 100% artesanal feito em macram\u00ea com barbante ecol\u00f3gico de algod\u00e3o na cor chumbo escuro. Ela \u00e9 leve e muito macia, e a al\u00e7a \u00e9 toda tecida. Possui forro e fechamento com bot\u00e3o imantado.\u00a0<\/span><\/p>\n","protected":false},"featured_media":2275,"template":"","meta":{"om_disable_all_campaigns":false,"_uag_custom_page_level_css":"","_monsterinsights_skip_tracking":false,"_monsterinsights_sitenote_active":false,"_monsterinsights_sitenote_note":"","_monsterinsights_sitenote_category":0,"site-sidebar-layout":"default","site-content-layout":"default","ast-site-content-layout":"default","site-content-style":"default","site-sidebar-style":"default","ast-global-header-display":"","ast-banner-title-visibility":"","ast-main-header-display":"","ast-hfb-above-header-display":"","ast-hfb-below-header-display":"","ast-hfb-mobile-header-display":"","site-post-title":"","ast-breadcrumbs-content":"","ast-featured-img":"","footer-sml-layout":"","ast-disable-related-posts":"","theme-transparent-header-meta":"default","adv-header-id-meta":"","stick-header-meta":"","header-above-stick-meta":"","header-main-stick-meta":"","header-below-stick-meta":"","astra-migrate-meta-layouts":"set","ast-page-background-enabled":"default","ast-page-background-meta":{"desktop":{"background-color":"var(--ast-global-color-4)","background-image":"","background-repeat":"repeat","background-position":"center center","background-size":"auto","background-attachment":"scroll","background-type":"","background-media":"","overlay-type":"","overlay-color":"","overlay-opacity":"","overlay-gradient":""},"tablet":{"background-color":"","background-image":"","background-repeat":"repeat","background-position":"center center","background-size":"auto","background-attachment":"scroll","background-type":"","background-media":"","overlay-type":"","overlay-color":"","overlay-opacity":"","overlay-gradient":""},"mobile":{"background-color":"","background-image":"","background-repeat":"repeat","background-position":"center center","background-size":"auto","background-attachment":"scroll","background-type":"","background-media":"","overlay-type":"","overlay-color":"","overlay-opacity":"","overlay-gradient":""}},"ast-content-background-meta":{"desktop":{"background-color":"var(--ast-global-color-5)","background-image":"","background-repeat":"repeat","background-position":"center center","background-size":"auto","background-attachment":"scroll","background-type":"","background-media":"","overlay-type":"","overlay-color":"","overlay-opacity":"","overlay-gradient":""},"tablet":{"background-color":"var(--ast-global-color-5)","background-image":"","background-repeat":"repeat","background-position":"center center","background-size":"auto","background-attachment":"scroll","background-type":"","background-media":"","overlay-type":"","overlay-color":"","overlay-opacity":"","overlay-gradient":""},"mobile":{"background-color":"var(--ast-global-color-5)","background-image":"","background-repeat":"repeat","background-position":"center center","background-size":"auto","background-attachment":"scroll","background-type":"","background-media":"","overlay-type":"","overlay-color":"","overlay-opacity":"","overlay-gradient":""}}},"product_brand":[],"product_cat":[34],"product_tag":[],"class_list":{"0":"post-1998","1":"product","2":"type-product","3":"status-publish","4":"has-post-thumbnail","6":"product_cat-bolsas","7":"desktop-align-left","8":"tablet-align-left","9":"mobile-align-left","11":"first","12":"instock","13":"featured","14":"shipping-taxable","15":"purchasable","16":"product-type-simple"},"aioseo_notices":[],"uagb_featured_image_src":{"full":["https:\/\/ateliedecriacaofiosenos.com.br\/wp-content\/uploads\/2022\/09\/bolsa-tiracolo-cor-chumbo-em-macrame.jpg",1080,1080,false],"thumbnail":["https:\/\/ateliedecriacaofiosenos.com.br\/wp-content\/uploads\/2022\/09\/bolsa-tiracolo-cor-chumbo-em-macrame-150x150.jpg",150,150,true],"medium":["https:\/\/ateliedecriacaofiosenos.com.br\/wp-content\/uploads\/2022\/09\/bolsa-tiracolo-cor-chumbo-em-macrame-300x300.jpg",300,300,true],"medium_large":["https:\/\/ateliedecriacaofiosenos.com.br\/wp-content\/uploads\/2022\/09\/bolsa-tiracolo-cor-chumbo-em-macrame-768x768.jpg",768,768,true],"large":["https:\/\/ateliedecriacaofiosenos.com.br\/wp-content\/uploads\/2022\/09\/bolsa-tiracolo-cor-chumbo-em-macrame-1024x1024.jpg",1024,1024,true],"1536x1536":["https:\/\/ateliedecriacaofiosenos.com.br\/wp-content\/uploads\/2022\/09\/bolsa-tiracolo-cor-chumbo-em-macrame.jpg",1080,1080,false],"2048x2048":["https:\/\/ateliedecriacaofiosenos.com.br\/wp-content\/uploads\/2022\/09\/bolsa-tiracolo-cor-chumbo-em-macrame.jpg",1080,1080,false],"mailpoet_newsletter_max":["https:\/\/ateliedecriacaofiosenos.com.br\/wp-content\/uploads\/2022\/09\/bolsa-tiracolo-cor-chumbo-em-macrame.jpg",1080,1080,false],"woocommerce_thumbnail":["https:\/\/ateliedecriacaofiosenos.com.br\/wp-content\/uploads\/2022\/09\/bolsa-tiracolo-cor-chumbo-em-macrame-300x300.jpg",300,300,true],"woocommerce_single":["https:\/\/ateliedecriacaofiosenos.com.br\/wp-content\/uploads\/2022\/09\/bolsa-tiracolo-cor-chumbo-em-macrame-600x600.jpg",600,600,true],"woocommerce_gallery_thumbnail":["https:\/\/ateliedecriacaofiosenos.com.br\/wp-content\/uploads\/2022\/09\/bolsa-tiracolo-cor-chumbo-em-macrame-100x100.jpg",100,100,true]},"uagb_author_info":{"display_name":"criacaofiosenos@gmail.com","author_link":"https:\/\/ateliedecriacaofiosenos.com.br\/?author=0"},"uagb_comment_info":0,"uagb_excerpt":"Produto 100% artesanal feito em macram\u00ea com barbante ecol\u00f3gico de algod\u00e3o na cor chumbo escuro. Ela \u00e9 leve e muito macia, e a al\u00e7a \u00e9 toda tecida. Possui forro e fechamento com bot\u00e3o imantado.\u00a0","jetpack_sharing_enabled":true,"_links":{"self":[{"href":"https:\/\/ateliedecriacaofiosenos.com.br\/index.php?rest_route=\/wp\/v2\/product\/1998","targetHints":{"allow":["GET"]}}],"collection":[{"href":"https:\/\/ateliedecriacaofiosenos.com.br\/index.php?rest_route=\/wp\/v2\/product"}],"about":[{"href":"https:\/\/ateliedecriacaofiosenos.com.br\/index.php?rest_route=\/wp\/v2\/types\/product"}],"wp:featuredmedia":[{"embeddable":true,"href":"https:\/\/ateliedecriacaofiosenos.com.br\/index.php?rest_route=\/wp\/v2\/media\/2275"}],"wp:attachment":[{"href":"https:\/\/ateliedecriacaofiosenos.com.br\/index.php?rest_route=%2Fwp%2Fv2%2Fmedia&parent=1998"}],"wp:term":[{"taxonomy":"product_brand","embeddable":true,"href":"https:\/\/ateliedecriacaofiosenos.com.br\/index.php?rest_route=%2Fwp%2Fv2%2Fproduct_brand&post=1998"},{"taxonomy":"product_cat","embeddable":true,"href":"https:\/\/ateliedecriacaofiosenos.com.br\/index.php?rest_route=%2Fwp%2Fv2%2Fproduct_cat&post=1998"},{"taxonomy":"product_tag","embeddable":true,"href":"https:\/\/ateliedecriacaofiosenos.com.br\/index.php?rest_route=%2Fwp%2Fv2%2Fproduct_tag&post=1998"}],"curies":[{"name":"wp","href":"https:\/\/api.w.org\/{rel}","templated":true}]}}