{"id":9,"date":"2022-09-23T20:13:00","date_gmt":"2022-09-23T20:13:00","guid":{"rendered":"http:\/\/ateliedecriacaofiosenos.com.br\/?page_id=9"},"modified":"2022-09-23T23:41:18","modified_gmt":"2022-09-23T23:41:18","slug":"trocas-e-devolucoes","status":"publish","type":"page","link":"https:\/\/ateliedecriacaofiosenos.com.br\/?page_id=9","title":{"rendered":"Trocas e devolu\u00e7\u00f5es"},"content":{"rendered":"\n<p>Ol\u00e1, Ateli\u00ea de Cria\u00e7\u00e3o Fios e N\u00f3s deseja manter uma parceria de sucesso com seus clientes. Por esta pol\u00edtica explicamos os procedimentos necess\u00e1rios, caso deseje desistir de sua compra realizada de forma n\u00e3o presencial, al\u00e9m de descrever as condi\u00e7\u00f5es de substitui\u00e7\u00e3o dos produtos caso seja constatada alguma falha.<\/p>\n\n\n\n<p>Pedimos que leia com aten\u00e7\u00e3o e entre em contato conosco caso tenha alguma d\u00favida.<\/p>\n\n\n\n<h3 class=\"wp-block-heading\">Como solicitar uma troca ou devolu\u00e7\u00e3o<\/h3>\n\n\n\n<p>Para solicitar a troca ou devolu\u00e7\u00e3o entre em contato pelo e-mail: ateliedecriacaofiosenos@gmail.com<\/p>\n\n\n\n<p><\/p>\n\n\n\n<p><\/p>\n\n\n\n<h3 class=\"wp-block-heading\">Confira abaixo as condi\u00e7\u00f5es de troca e devolu\u00e7\u00e3o:<\/h3>\n\n\n\n<p>De acordo com o C\u00f3digo de Defesa do consumidor, \u00e9 poss\u00edvel devolver um produto por desist\u00eancia no prazo de at\u00e9 7 (sete) dias corridos ap\u00f3s o seu recebimento.<\/p>\n\n\n\n<p>O pedido de devolu\u00e7\u00e3o deve ser feito tamb\u00e9m atrav\u00e9s de e-mail. Ap\u00f3s a solicita\u00e7\u00e3o, ser\u00e1 realizada a coleta do produto no endere\u00e7o indicado ou indicado outro meio para envio pelo cliente, de forma gratuita. Recebido o produto, ele ser\u00e1 analisado para verificar se encontra-se em perfeitas condi\u00e7\u00f5es de uso e, se este for o caso, o valor pago ser\u00e1 estornado seguindo as condi\u00e7\u00f5es descritas no item &#8220;Estorno dos Valores&#8221; a seguir.<\/p>\n\n\n\n<h3 class=\"wp-block-heading\">Produto com defeito<\/h3>\n\n\n\n<p>Os nosso produtos possuem<strong> 7 dias de garantia<\/strong>.<\/p>\n\n\n\n<p>Durante este per\u00edodo, caso algum problema seja constatado, a troca poder\u00e1 ser solicitada pelo cliente. lembrando que nossa equipe poder\u00e1 solicitar evid\u00eancias que comprovem defeito no produto e\/ou a realiza\u00e7\u00e3o de testes pr\u00e9vios.<\/p>\n\n\n\n<p>Ap\u00f3s a solicita\u00e7\u00e3o de troca de um produto com defeito, ser\u00e1 realizada a coleta no endere\u00e7o indicado ou indicado outro meio para envio pelo cliente, de forma gratuita.<\/p>\n\n\n\n<p>Recebido o produto, ser\u00e1 analisado se o defeito \u00e9 resultante  de mau uso; caso positivo, enviaremos ao cliente um or\u00e7amento para an\u00e1lise pr\u00e9via e autoriza\u00e7\u00e3o do concerto. O custo da manuten\u00e7\u00e3o dever\u00e1 ser pago integralmente pelo cliente.<\/p>\n\n\n\n<p>J\u00e1 em rela\u00e7\u00e3o a defeito de fabrica\u00e7\u00e3o, nos responsabilizaremos pelo reparo no prazo estabelecido pelo C\u00f3digo de Defesa do Consumidor, ou pela substitui\u00e7\u00e3o do produto por outro da mesma esp\u00e9cie e caracter\u00edsticas e, havendo indisponibilidade deste, poder\u00e1 ser restitu\u00eddo o valor ou haver\u00e1 substitui\u00e7\u00e3o por produto semelhante.<\/p>\n\n\n\n<p>A garantia do novo produto entregue ser\u00e1 igual ao per\u00edodo de garantia restante do produto inicialmente adquirido pelo cliente.<\/p>\n\n\n\n<p><\/p>\n\n\n\n<p><strong>Aten\u00e7\u00e3o:<\/strong>  toda devolu\u00e7\u00e3o deve ser comunicada antecipadamente. Os produtos devolvidos sem essa comunica\u00e7\u00e3o anterior ser\u00e3o reenviados ao cliente sem pr\u00e9via consulta. N\u00e3o ser\u00e3o reembolsadas embalagens adquiridas para a devolu\u00e7\u00e3o.<\/p>\n\n\n\n<h3 class=\"wp-block-heading\">Estorno dos valores<\/h3>\n\n\n\n<p>O estorno dos valores ser\u00e1 realizado em at\u00e9 7 (sete) dias \u00fateis ap\u00f3s an\u00e1lise do produto.<\/p>\n\n\n\n<p>O prazo para reembolso na fatura do cliente varia de banco para banco e, ap\u00f3s a solicita\u00e7\u00e3o de estorno, fica sob responsabilidade exclusiva do banco emissor do cart\u00e3o.<\/p>\n","protected":false},"excerpt":{"rendered":"<p>Ol\u00e1, Ateli\u00ea de Cria\u00e7\u00e3o Fios e N\u00f3s deseja manter uma parceria de sucesso com seus clientes. Por esta pol\u00edtica explicamos os procedimentos necess\u00e1rios, caso deseje desistir de sua compra realizada de forma n\u00e3o presencial, al\u00e9m de descrever as condi\u00e7\u00f5es de substitui\u00e7\u00e3o dos produtos caso seja constatada alguma falha. Pedimos que leia com aten\u00e7\u00e3o e entre [&hellip;]<\/p>\n","protected":false},"author":1,"featured_media":0,"parent":0,"menu_order":0,"comment_status":"closed","ping_status":"closed","template":"","meta":{"om_disable_all_campaigns":false,"_uag_custom_page_level_css":"","_monsterinsights_skip_tracking":false,"_monsterinsights_sitenote_active":false,"_monsterinsights_sitenote_note":"","_monsterinsights_sitenote_category":0,"site-sidebar-layout":"default","site-content-layout":"","ast-site-content-layout":"default","site-content-style":"default","site-sidebar-style":"default","ast-global-header-display":"","ast-banner-title-visibility":"","ast-main-header-display":"","ast-hfb-above-header-display":"","ast-hfb-below-header-display":"","ast-hfb-mobile-header-display":"","site-post-title":"","ast-breadcrumbs-content":"","ast-featured-img":"","footer-sml-layout":"","ast-disable-related-posts":"","theme-transparent-header-meta":"","adv-header-id-meta":"","stick-header-meta":"","header-above-stick-meta":"","header-main-stick-meta":"","header-below-stick-meta":"","astra-migrate-meta-layouts":"default","ast-page-background-enabled":"default","ast-page-background-meta":{"desktop":{"background-color":"var(--ast-global-color-4)","background-image":"","background-repeat":"repeat","background-position":"center center","background-size":"auto","background-attachment":"scroll","background-type":"","background-media":"","overlay-type":"","overlay-color":"","overlay-opacity":"","overlay-gradient":""},"tablet":{"background-color":"","background-image":"","background-repeat":"repeat","background-position":"center center","background-size":"auto","background-attachment":"scroll","background-type":"","background-media":"","overlay-type":"","overlay-color":"","overlay-opacity":"","overlay-gradient":""},"mobile":{"background-color":"","background-image":"","background-repeat":"repeat","background-position":"center center","background-size":"auto","background-attachment":"scroll","background-type":"","background-media":"","overlay-type":"","overlay-color":"","overlay-opacity":"","overlay-gradient":""}},"ast-content-background-meta":{"desktop":{"background-color":"var(--ast-global-color-5)","background-image":"","background-repeat":"repeat","background-position":"center center","background-size":"auto","background-attachment":"scroll","background-type":"","background-media":"","overlay-type":"","overlay-color":"","overlay-opacity":"","overlay-gradient":""},"tablet":{"background-color":"var(--ast-global-color-5)","background-image":"","background-repeat":"repeat","background-position":"center center","background-size":"auto","background-attachment":"scroll","background-type":"","background-media":"","overlay-type":"","overlay-color":"","overlay-opacity":"","overlay-gradient":""},"mobile":{"background-color":"var(--ast-global-color-5)","background-image":"","background-repeat":"repeat","background-position":"center center","background-size":"auto","background-attachment":"scroll","background-type":"","background-media":"","overlay-type":"","overlay-color":"","overlay-opacity":"","overlay-gradient":""}},"footnotes":""},"class_list":["post-9","page","type-page","status-publish","hentry"],"aioseo_notices":[],"uagb_featured_image_src":{"full":false,"thumbnail":false,"medium":false,"medium_large":false,"large":false,"1536x1536":false,"2048x2048":false,"mailpoet_newsletter_max":false,"woocommerce_thumbnail":false,"woocommerce_single":false,"woocommerce_gallery_thumbnail":false},"uagb_author_info":{"display_name":"criacaofiosenos@gmail.com","author_link":"https:\/\/ateliedecriacaofiosenos.com.br\/?author=1"},"uagb_comment_info":0,"uagb_excerpt":"Ol\u00e1, Ateli\u00ea de Cria\u00e7\u00e3o Fios e N\u00f3s deseja manter uma parceria de sucesso com seus clientes. Por esta pol\u00edtica explicamos os procedimentos necess\u00e1rios, caso deseje desistir de sua compra realizada de forma n\u00e3o presencial, al\u00e9m de descrever as condi\u00e7\u00f5es de substitui\u00e7\u00e3o dos produtos caso seja constatada alguma falha. Pedimos que leia com aten\u00e7\u00e3o e entre&hellip;","jetpack_sharing_enabled":true,"_links":{"self":[{"href":"https:\/\/ateliedecriacaofiosenos.com.br\/index.php?rest_route=\/wp\/v2\/pages\/9","targetHints":{"allow":["GET"]}}],"collection":[{"href":"https:\/\/ateliedecriacaofiosenos.com.br\/index.php?rest_route=\/wp\/v2\/pages"}],"about":[{"href":"https:\/\/ateliedecriacaofiosenos.com.br\/index.php?rest_route=\/wp\/v2\/types\/page"}],"author":[{"embeddable":true,"href":"https:\/\/ateliedecriacaofiosenos.com.br\/index.php?rest_route=\/wp\/v2\/users\/1"}],"replies":[{"embeddable":true,"href":"https:\/\/ateliedecriacaofiosenos.com.br\/index.php?rest_route=%2Fwp%2Fv2%2Fcomments&post=9"}],"version-history":[{"count":0,"href":"https:\/\/ateliedecriacaofiosenos.com.br\/index.php?rest_route=\/wp\/v2\/pages\/9\/revisions"}],"wp:attachment":[{"href":"https:\/\/ateliedecriacaofiosenos.com.br\/index.php?rest_route=%2Fwp%2Fv2%2Fmedia&parent=9"}],"curies":[{"name":"wp","href":"https:\/\/api.w.org\/{rel}","templated":true}]}}