{"id":3,"date":"2022-09-15T23:02:21","date_gmt":"2022-09-15T23:02:21","guid":{"rendered":"http:\/\/ateliedecriacaofiosenos.com.br\/?page_id=3"},"modified":"2022-09-23T23:50:21","modified_gmt":"2022-09-23T23:50:21","slug":"politica-de-privacidade","status":"publish","type":"page","link":"https:\/\/ateliedecriacaofiosenos.com.br\/?page_id=3","title":{"rendered":"Pol\u00edtica de Privacidade"},"content":{"rendered":"\n<p>Nos comprometemos a preservar os dados de todos os clientes. Informa\u00e7\u00f5es importantes como senha e  CPF s\u00e3o criptografadas no momento do cadastro, antes de serem salvas. <\/p>\n\n\n\n<p>A finaliza\u00e7\u00e3o da sua compra ser\u00e1 realizada em ambiente seguro e nenhuma informa\u00e7\u00e3o relacionada a cart\u00f5es de cr\u00e9dito ou contas banc\u00e1rias ser\u00e1 armazenada em nossos bancos de dados. <\/p>\n\n\n\n<p>Os dados cadastrais dos clientes n\u00e3o s\u00e3o vendidos, trocados ou divulgados para terceiros, exceto quando essas informa\u00e7\u00f5es s\u00e3o necess\u00e1rias para o processo de entrega, para cobran\u00e7a, ou para participa\u00e7\u00e3o em promo\u00e7\u00f5es solicitadas pelos clientes. <\/p>\n\n\n\n<p>Seus dados pessoais s\u00e3o pe\u00e7a fundamental para que seu pedido chegue em seguran\u00e7a a sua casa, de acordo com nosso prazo de entrega.<\/p>\n\n\n\n<p>Nosso site utiliza cookies e informa\u00e7\u00f5es de sua navega\u00e7\u00e3o (sess\u00e3o do browser) com o objetivo de tra\u00e7ar um perfil do p\u00fablico que visita o site, e aperfei\u00e7oar sempre nossos servi\u00e7os, produtos, conte\u00fados e garantir as melhores ofertas e promo\u00e7\u00f5es para voc\u00ea.<\/p>\n\n\n\n<p>Estas informa\u00e7\u00f5es s\u00e3o registradas automaticamente e ser\u00e3o mantidas em sigilo absoluto. Qualquer altera\u00e7\u00e3o sobre nossa pol\u00edtica de privacidade ser\u00e1 devidamente informada nesta p\u00e1gina.<\/p>\n","protected":false},"excerpt":{"rendered":"<p>Nos comprometemos a preservar os dados de todos os clientes. Informa\u00e7\u00f5es importantes como senha e CPF s\u00e3o criptografadas no momento do cadastro, antes de serem salvas. A finaliza\u00e7\u00e3o da sua compra ser\u00e1 realizada em ambiente seguro e nenhuma informa\u00e7\u00e3o relacionada a cart\u00f5es de cr\u00e9dito ou contas banc\u00e1rias ser\u00e1 armazenada em nossos bancos de dados. Os [&hellip;]<\/p>\n","protected":false},"author":1,"featured_media":0,"parent":0,"menu_order":0,"comment_status":"closed","ping_status":"closed","template":"","meta":{"om_disable_all_campaigns":false,"_uag_custom_page_level_css":"","_monsterinsights_skip_tracking":false,"_monsterinsights_sitenote_active":false,"_monsterinsights_sitenote_note":"","_monsterinsights_sitenote_category":0,"site-sidebar-layout":"default","site-content-layout":"","ast-site-content-layout":"default","site-content-style":"default","site-sidebar-style":"default","ast-global-header-display":"","ast-banner-title-visibility":"","ast-main-header-display":"","ast-hfb-above-header-display":"","ast-hfb-below-header-display":"","ast-hfb-mobile-header-display":"","site-post-title":"","ast-breadcrumbs-content":"","ast-featured-img":"","footer-sml-layout":"","ast-disable-related-posts":"","theme-transparent-header-meta":"","adv-header-id-meta":"","stick-header-meta":"","header-above-stick-meta":"","header-main-stick-meta":"","header-below-stick-meta":"","astra-migrate-meta-layouts":"default","ast-page-background-enabled":"default","ast-page-background-meta":{"desktop":{"background-color":"var(--ast-global-color-4)","background-image":"","background-repeat":"repeat","background-position":"center center","background-size":"auto","background-attachment":"scroll","background-type":"","background-media":"","overlay-type":"","overlay-color":"","overlay-opacity":"","overlay-gradient":""},"tablet":{"background-color":"","background-image":"","background-repeat":"repeat","background-position":"center center","background-size":"auto","background-attachment":"scroll","background-type":"","background-media":"","overlay-type":"","overlay-color":"","overlay-opacity":"","overlay-gradient":""},"mobile":{"background-color":"","background-image":"","background-repeat":"repeat","background-position":"center center","background-size":"auto","background-attachment":"scroll","background-type":"","background-media":"","overlay-type":"","overlay-color":"","overlay-opacity":"","overlay-gradient":""}},"ast-content-background-meta":{"desktop":{"background-color":"var(--ast-global-color-5)","background-image":"","background-repeat":"repeat","background-position":"center center","background-size":"auto","background-attachment":"scroll","background-type":"","background-media":"","overlay-type":"","overlay-color":"","overlay-opacity":"","overlay-gradient":""},"tablet":{"background-color":"var(--ast-global-color-5)","background-image":"","background-repeat":"repeat","background-position":"center center","background-size":"auto","background-attachment":"scroll","background-type":"","background-media":"","overlay-type":"","overlay-color":"","overlay-opacity":"","overlay-gradient":""},"mobile":{"background-color":"var(--ast-global-color-5)","background-image":"","background-repeat":"repeat","background-position":"center center","background-size":"auto","background-attachment":"scroll","background-type":"","background-media":"","overlay-type":"","overlay-color":"","overlay-opacity":"","overlay-gradient":""}},"footnotes":""},"class_list":["post-3","page","type-page","status-publish","hentry"],"aioseo_notices":[],"uagb_featured_image_src":{"full":false,"thumbnail":false,"medium":false,"medium_large":false,"large":false,"1536x1536":false,"2048x2048":false,"mailpoet_newsletter_max":false,"woocommerce_thumbnail":false,"woocommerce_single":false,"woocommerce_gallery_thumbnail":false},"uagb_author_info":{"display_name":"criacaofiosenos@gmail.com","author_link":"https:\/\/ateliedecriacaofiosenos.com.br\/?author=1"},"uagb_comment_info":0,"uagb_excerpt":"Nos comprometemos a preservar os dados de todos os clientes. Informa\u00e7\u00f5es importantes como senha e CPF s\u00e3o criptografadas no momento do cadastro, antes de serem salvas. A finaliza\u00e7\u00e3o da sua compra ser\u00e1 realizada em ambiente seguro e nenhuma informa\u00e7\u00e3o relacionada a cart\u00f5es de cr\u00e9dito ou contas banc\u00e1rias ser\u00e1 armazenada em nossos bancos de dados. Os&hellip;","jetpack_sharing_enabled":true,"_links":{"self":[{"href":"https:\/\/ateliedecriacaofiosenos.com.br\/index.php?rest_route=\/wp\/v2\/pages\/3","targetHints":{"allow":["GET"]}}],"collection":[{"href":"https:\/\/ateliedecriacaofiosenos.com.br\/index.php?rest_route=\/wp\/v2\/pages"}],"about":[{"href":"https:\/\/ateliedecriacaofiosenos.com.br\/index.php?rest_route=\/wp\/v2\/types\/page"}],"author":[{"embeddable":true,"href":"https:\/\/ateliedecriacaofiosenos.com.br\/index.php?rest_route=\/wp\/v2\/users\/1"}],"replies":[{"embeddable":true,"href":"https:\/\/ateliedecriacaofiosenos.com.br\/index.php?rest_route=%2Fwp%2Fv2%2Fcomments&post=3"}],"version-history":[{"count":0,"href":"https:\/\/ateliedecriacaofiosenos.com.br\/index.php?rest_route=\/wp\/v2\/pages\/3\/revisions"}],"wp:attachment":[{"href":"https:\/\/ateliedecriacaofiosenos.com.br\/index.php?rest_route=%2Fwp%2Fv2%2Fmedia&parent=3"}],"curies":[{"name":"wp","href":"https:\/\/api.w.org\/{rel}","templated":true}]}}